{"id":819,"date":"2025-06-11T14:35:03","date_gmt":"2025-06-11T14:35:03","guid":{"rendered":"https:\/\/registro-cuidame.org\/intranet\/?page_id=819"},"modified":"2025-06-12T16:38:22","modified_gmt":"2025-06-12T16:38:22","slug":"solicitud-credenciales","status":"publish","type":"page","link":"https:\/\/registro-cuidame.org\/intranet\/solicitud-credenciales\/","title":{"rendered":"Solicitud Credenciales"},"content":{"rendered":"<div class=\"fusion-fullwidth fullwidth-box fusion-builder-row-1 fusion-flex-container has-pattern-background has-mask-background nonhundred-percent-fullwidth non-hundred-percent-height-scrolling\" style=\"--awb-border-radius-top-left:0px;--awb-border-radius-top-right:0px;--awb-border-radius-bottom-right:0px;--awb-border-radius-bottom-left:0px;\" ><div class=\"fusion-builder-row fusion-row fusion-flex-align-items-flex-start\" style=\"max-width:1248px;margin-left: calc(-4% \/ 2 );margin-right: calc(-4% \/ 2 );\"><div class=\"fusion-layout-column fusion_builder_column fusion-builder-column-0 fusion_builder_column_1_1 1_1 fusion-flex-column\" style=\"--awb-bg-size:cover;--awb-width-large:100%;--awb-spacing-right-large:1.92%;--awb-spacing-left-large:1.92%;--awb-width-medium:100%;--awb-order-medium:0;--awb-spacing-right-medium:1.92%;--awb-spacing-left-medium:1.92%;--awb-width-small:100%;--awb-order-small:0;--awb-spacing-right-small:1.92%;--awb-spacing-left-small:1.92%;\"><div class=\"fusion-column-wrapper fusion-column-has-shadow fusion-flex-justify-content-flex-start fusion-content-layout-column\"><div class=\"fusion-title title fusion-title-1 fusion-sep-none fusion-title-center fusion-title-text fusion-title-size-three\" style=\"--awb-text-color:var(--awb-custom_color_1);--awb-margin-bottom:1em;--awb-font-size:2em;\"><h3 class=\"title-heading-center\" style=\"font-family:&quot;PT Sans&quot;;font-style:normal;font-weight:700;margin:0;font-size:1em;\">Solicitud de Credenciales<\/h3><\/div><div class=\"fusion-text fusion-text-1 fusion-text-no-margin\" style=\"--awb-content-alignment:center;--awb-font-size:1.1em;--awb-margin-bottom:2em;\"><p>La intranet del proyecto CUIDAME es un espacio exclusivo para investigadores, miembros del equipo directamente vinculados al proyecto. En ella se encuentra informaci\u00f3n sensible y estrat\u00e9gica sobre el desarrollo del estudio, el manejo de datos, los grupos de trabajo y la coordinaci\u00f3n entre instituciones participantes.<\/p>\n<p>Si haces parte del proyecto y necesitas acceso, por favor completa el siguiente formulario. Cada solicitud ser\u00e1 revisada por el equipo coordinador<\/p>\n<\/div><style>#consentimiento{\r\n}\r\n\r\n#consentimiento p{\r\n  font-size:0.9em;\r\n  line-height:1.2em;\r\n  margin-bottom: 0.5em\r\n}\r\n#consentimiento ul{\r\n   margin-top: 0;\r\n  margin-bottom: 1em;\r\n}\r\n#consentimiento ul li{\r\n  font-size:0.9em;\r\n  line-height:1.2em;\r\n  margin-bottom: 0.5em\r\n\r\n}<\/style><div class=\"fusion-form fusion-form-builder fusion-form-form-wrapper fusion-form-821\" style=\"--awb-tooltip-text-color:#ffffff;--awb-tooltip-background-color:#333333;\" data-form-id=\"821\" id=\"formulario_solicitud_credenciales\" data-config=\"{&quot;form_id&quot;:&quot;821&quot;,&quot;form_post_id&quot;:&quot;821&quot;,&quot;post_id&quot;:819,&quot;form_type&quot;:&quot;ajax&quot;,&quot;confirmation_type&quot;:&quot;message&quot;,&quot;redirect_url&quot;:&quot;&quot;,&quot;field_labels&quot;:{&quot;nombre&quot;:&quot;Nombre:&quot;,&quot;apellidos&quot;:&quot;Apellidos:&quot;,&quot;correo_electronico&quot;:&quot;Correo electr\\u00f3nico:&quot;,&quot;ciudad&quot;:&quot;Ciudad:&quot;,&quot;especialidad&quot;:&quot;Especialidad:&quot;,&quot;institucionhospital&quot;:&quot;Instituci\\u00f3n\\\/Hospital:&quot;,&quot;consentimiento&quot;:&quot;Consentimiento:&quot;},&quot;field_logics&quot;:{&quot;nombre&quot;:&quot;&quot;,&quot;apellidos&quot;:&quot;&quot;,&quot;correo_electronico&quot;:&quot;&quot;,&quot;ciudad&quot;:&quot;&quot;,&quot;especialidad&quot;:&quot;&quot;,&quot;institucionhospital&quot;:&quot;&quot;,&quot;consentimiento&quot;:&quot;&quot;},&quot;field_types&quot;:{&quot;nombre&quot;:&quot;text&quot;,&quot;apellidos&quot;:&quot;text&quot;,&quot;correo_electronico&quot;:&quot;email&quot;,&quot;ciudad&quot;:&quot;text&quot;,&quot;especialidad&quot;:&quot;text&quot;,&quot;institucionhospital&quot;:&quot;select&quot;,&quot;consentimiento&quot;:&quot;consent&quot;,&quot;submit_1&quot;:&quot;submit&quot;,&quot;recaptcha_1&quot;:&quot;recaptcha&quot;},&quot;nonce_method&quot;:&quot;ajax&quot;}\"><form action=\"https:\/\/registro-cuidame.org\/intranet\/solicitud-credenciales\/\" method=\"post\" class=\"fusion-form fusion-form-821\"><div class=\"fusion-fullwidth fullwidth-box fusion-builder-row-1-1 fusion-flex-container has-pattern-background has-mask-background nonhundred-percent-fullwidth non-hundred-percent-height-scrolling\" style=\"--awb-border-radius-top-left:0px;--awb-border-radius-top-right:0px;--awb-border-radius-bottom-right:0px;--awb-border-radius-bottom-left:0px;\" ><div class=\"fusion-builder-row fusion-row fusion-flex-align-items-flex-start\" style=\"width:104% !important;max-width:104% !important;margin-left: calc(-4% \/ 2 );margin-right: calc(-4% \/ 2 );\"><div class=\"fusion-layout-column fusion_builder_column fusion-builder-column-1 fusion_builder_column_1_6 1_6 fusion-flex-column\" style=\"--awb-bg-size:cover;--awb-width-large:16.666666666667%;--awb-spacing-right-large:11.52%;--awb-spacing-left-large:11.52%;--awb-width-medium:16.666666666667%;--awb-order-medium:0;--awb-spacing-right-medium:11.52%;--awb-spacing-left-medium:11.52%;--awb-width-small:100%;--awb-order-small:0;--awb-spacing-right-small:1.92%;--awb-spacing-left-small:1.92%;\"><div class=\"fusion-column-wrapper fusion-column-has-shadow fusion-flex-justify-content-flex-start fusion-content-layout-column\"><\/div><\/div><div class=\"fusion-layout-column fusion_builder_column fusion-builder-column-2 fusion_builder_column_2_3 2_3 fusion-flex-column\" style=\"--awb-padding-top:0.5em;--awb-padding-right:2em;--awb-padding-bottom:2em;--awb-padding-left:2em;--awb-overflow:hidden;--awb-bg-color:var(--awb-color3);--awb-bg-size:cover;--awb-border-radius:0.8em 0.8em 0.8em 0.8em;--awb-width-large:66.666666666667%;--awb-spacing-right-large:2.88%;--awb-spacing-left-large:2.88%;--awb-width-medium:66.666666666667%;--awb-order-medium:0;--awb-spacing-right-medium:2.88%;--awb-spacing-left-medium:2.88%;--awb-width-small:100%;--awb-order-small:0;--awb-spacing-right-small:1.92%;--awb-spacing-left-small:1.92%;\"><div class=\"fusion-column-wrapper fusion-column-has-shadow fusion-flex-justify-content-flex-start fusion-content-layout-column\"><div class=\"fusion-form-field fusion-form-text-field fusion-form-label-above campo_form campo_text\" style=\"\" data-form-id=\"821\"><div class=\"fusion-form-label-wrapper\"><label for=\"nombre\">Nombre: <abbr class=\"fusion-form-element-required\" title=\"required\">*<\/abbr><\/label><\/div><div class=\"fusion-form-input-with-icon\"><i class=\"awb-form-icon fa-address-book fas\"><\/i><input type=\"text\"  data-empty-notice=\"Este campo no puede estar vac\u00edo\" name=\"nombre\" id=\"nombre\" value=\"\"  class=\"fusion-form-input\" required=\"true\" aria-required=\"true\" data-holds-private-data=\"false\" minlength=\"3\"\/><\/div><\/div><div class=\"fusion-form-field fusion-form-text-field fusion-form-label-above campo_form campo_text\" style=\"\" data-form-id=\"821\"><div class=\"fusion-form-label-wrapper\"><label for=\"apellidos\">Apellidos: <abbr class=\"fusion-form-element-required\" title=\"required\">*<\/abbr><\/label><\/div><div class=\"fusion-form-input-with-icon\"><i class=\"awb-form-icon fa-address-book fas\"><\/i><input type=\"text\"  data-empty-notice=\"Este campo no puede estar vac\u00edo\" name=\"apellidos\" id=\"apellidos\" value=\"\"  class=\"fusion-form-input\" required=\"true\" aria-required=\"true\" data-holds-private-data=\"false\" minlength=\"3\"\/><\/div><\/div><div class=\"fusion-form-field fusion-form-email-field fusion-form-label-above campo_form campo_text campo_email\" style=\"\" data-form-id=\"821\"><div class=\"fusion-form-label-wrapper\"><label for=\"correo_electronico\">Correo electr\u00f3nico: <abbr class=\"fusion-form-element-required\" title=\"required\">*<\/abbr><\/label><\/div><div class=\"fusion-form-input-with-icon\"><i class=\"awb-form-icon fa-at fas\"><\/i><input type=\"email\"  data-empty-notice=\"Este campo no puede estar vac\u00edo\" name=\"correo_electronico\" id=\"correo_electronico\" value=\"\"  class=\"fusion-form-input\" required=\"true\" aria-required=\"true\" data-holds-private-data=\"false\"\/><\/div><\/div><div class=\"fusion-form-field fusion-form-text-field fusion-form-label-above campo_form campo_text\" style=\"\" data-form-id=\"821\"><div class=\"fusion-form-label-wrapper\"><label for=\"ciudad\">Ciudad: <abbr class=\"fusion-form-element-required\" title=\"required\">*<\/abbr><\/label><\/div><div class=\"fusion-form-input-with-icon\"><i class=\"awb-form-icon fa-city fas\"><\/i><input type=\"text\"  data-empty-notice=\"Este campo no puede estar vac\u00edo\" name=\"ciudad\" id=\"ciudad\" value=\"\"  class=\"fusion-form-input\" required=\"true\" aria-required=\"true\" data-holds-private-data=\"false\" minlength=\"0\"\/><\/div><\/div><div class=\"fusion-form-field fusion-form-text-field fusion-form-label-above campo_form campo_text\" style=\"\" data-form-id=\"821\"><div class=\"fusion-form-label-wrapper\"><label for=\"especialidad\">Especialidad: <abbr class=\"fusion-form-element-required\" title=\"required\">*<\/abbr><\/label><\/div><div class=\"fusion-form-input-with-icon\"><i class=\"awb-form-icon fa-stethoscope fas\"><\/i><input type=\"text\"  data-empty-notice=\"Este campo no puede estar vac\u00edo\" name=\"especialidad\" id=\"especialidad\" value=\"\"  class=\"fusion-form-input\" required=\"true\" aria-required=\"true\" data-holds-private-data=\"false\" minlength=\"0\"\/><\/div><\/div><div class=\"fusion-form-field fusion-form-select-field fusion-form-label-above\" style=\"\" data-form-id=\"821\"><label for=\"institucionhospital\">Instituci\u00f3n\/Hospital: <abbr class=\"fusion-form-element-required\" title=\"required\">*<\/abbr><\/label><div class=\"fusion-form-input-with-icon\"><i class=\" fa-clinic-medical fas\"><\/i><div class=\"fusion-select-wrapper\"><select data-empty-notice=\"Este campo no puede estar vac\u00edo\" tabindex=\"\" id=\"institucionhospital\" name=\"institucionhospital\" class=\"fusion-form-input\" required=\"true\" aria-required=\"true\" data-holds-private-data=\"false\"><option value=\"---\" >---<\/option><option value=\"H. Albacete\" >H. Albacete<\/option><option value=\"H. Badajoz\" >H. Badajoz<\/option><option value=\"H. Basurto\" >H. Basurto<\/option><option value=\"H. BellvitgeH. Sant Joan de D\u00e9u\" >H. BellvitgeH. Sant Joan de D\u00e9u<\/option><option value=\"H. Burgos\" >H. Burgos<\/option><option value=\"H. Central Asturias\" >H. Central Asturias<\/option><option value=\"H. Cruces\" >H. Cruces<\/option><option value=\"H. Donostia\" >H. Donostia<\/option><option value=\"H. Ferrol\" >H. Ferrol<\/option><option value=\"H. la Fe\" >H. la Fe<\/option><option value=\"H. la Paz\" >H. la Paz<\/option><option value=\"H. M\u00e1laga\" >H. M\u00e1laga<\/option><option value=\"H. Marqu\u00e9s de Valdecilla\" >H. Marqu\u00e9s de Valdecilla<\/option><option value=\"H. Materno-Infantil Canarias\" >H. Materno-Infantil Canarias<\/option><option value=\"H. Miguel Servet\" >H. Miguel Servet<\/option><option value=\"H. Navarra\" >H. Navarra<\/option><option value=\"H. Nuestra Sra Candelaria\" >H. Nuestra Sra Candelaria<\/option><option value=\"H. Pontevedra\" >H. Pontevedra<\/option><option value=\"H. Reina Sof\u00eda\" >H. Reina Sof\u00eda<\/option><option value=\"H. Rio Hortega\" >H. Rio Hortega<\/option><option value=\"H. Salamanca\" >H. Salamanca<\/option><option value=\"H. San Pedro\" >H. San Pedro<\/option><option value=\"H. Sant Pau\" >H. Sant Pau<\/option><option value=\"H. Santiago de Compostela\" >H. Santiago de Compostela<\/option><option value=\"H. Son Espases\" >H. Son Espases<\/option><option value=\"H. Toledo\" >H. Toledo<\/option><option value=\"H. Vall d'Hebron\" >H. Vall d'Hebron<\/option><option value=\"H. Virgen de la Arrixaca\" >H. Virgen de la Arrixaca<\/option><option value=\"H. Virgen del Roc\u00edo\" >H. Virgen del Roc\u00edo<\/option><\/select><div class=\"select-arrow\"><svg width=\"12\" height=\"8\" viewBox=\"0 0 12 8\" fill=\"none\" xmlns=\"http:\/\/www.w3.org\/2000\/svg\"> <path d=\"M1.5 1.75L6 6.25L10.5 1.75\" stroke=\"#6D6D6D\" stroke-width=\"2\" stroke-linecap=\"round\" stroke-linejoin=\"round\"\/> <\/svg><\/div><\/div><\/div><\/div><div class=\"fusion-form-field fusion-form-consent-field fusion-form-label-above campo_form campo_consentimiento\" style=\"\" data-form-id=\"821\"><div class=\"fusion-form-label-wrapper\"><label for=\"consentimiento\">Consentimiento: <abbr class=\"fusion-form-element-required\" title=\"required\">*<\/abbr><\/label><\/div><div class=\"fusion-form-checkbox option-inline\"><input tabindex=\"\" id=\"consentimiento\" type=\"checkbox\" value=\"1\" name=\"consentimiento\" class=\"fusion-form-input\" required=\"true\" aria-required=\"true\"\/><label for=\"consentimiento\">Doy mi consentimiento<\/label><\/div><\/div><div class=\"fusion-text fusion-text-2\" id=\"consentimiento\"><p>Este formulario est\u00e1 destinado exclusivamente a miembros directos del proyecto CUIDAME que requieran acceso a la documentaci\u00f3n interna disponible en la intranet.<\/p>\n<p>He le\u00eddo y acepto que mis datos ser\u00e1n tratados por el equipo del proyecto CUIDAME y la Fundaci\u00f3 Sant Joan de D\u00e9u \u2013 Institut de Recerca Sant Joan de D\u00e9u, con la finalidad de:<\/p>\n<ul>\n<li>Verificar mi pertenencia al equipo y gestionar la creaci\u00f3n o activaci\u00f3n de mis credenciales de acceso a la intranet.<\/li>\n<li>Gestionar las comunicaciones internas relacionadas con mi rol como miembro del proyecto.<\/li>\n<\/ul>\n<\/div><div class=\"form-submission-notices\" id=\"fusion-notices-1\"><div class=\"fusion-alert alert success alert-success fusion-alert-center fusion-form-response fusion-form-response-success alert-dismissable\" role=\"alert\"><div class=\"fusion-alert-content-wrapper\"><span class=\"alert-icon\"><i class=\"awb-icon-check-circle\" aria-hidden=\"true\"><\/i><\/span><span class=\"fusion-alert-content\">Su solicitud ha sido enviada con \u00e9xito. Nos pondremos en contacto con usted para proporcionarle los accesos. Gracias.<\/span><\/div><button type=\"button\" class=\"close toggle-alert\" data-dismiss=\"alert\" aria-label=\"Close\">&times;<\/button><\/div><div class=\"fusion-alert alert error alert-danger fusion-alert-center fusion-form-response fusion-form-response-error alert-dismissable\" role=\"alert\"><div class=\"fusion-alert-content-wrapper\"><span class=\"alert-icon\"><i class=\"awb-icon-exclamation-triangle\" aria-hidden=\"true\"><\/i><\/span><span class=\"fusion-alert-content\">Ha ocurrido un error en el env\u00edo del formulario. Int\u00e9ntelo despu\u00e9s de unos minutos. Gracias.<\/span><\/div><button type=\"button\" class=\"close toggle-alert\" data-dismiss=\"alert\" aria-label=\"Close\">&times;<\/button><\/div><\/div><div class=\"fusion-form-field fusion-form-submit-field fusion-form-label-above\" style=\"\" data-form-id=\"821\"><div style=\"text-align:center;\"><button type=\"submit\" class=\"fusion-button button-flat fusion-button-default-size button-custom fusion-button-default button-1 fusion-button-default-span  form-form-submit button-default\" style=\"--button_accent_color:var(--awb-color1);--button_accent_hover_color:var(--awb-color1);--button_border_hover_color:var(--awb-color1);--button_gradient_top_color:#2d8a9c;--button_gradient_bottom_color:#2d8a9c;--button_gradient_top_color_hover:#134a5d;--button_gradient_bottom_color_hover:#134a5d;--button_typography-font-family:&quot;Lato&quot;;--button_typography-font-style:normal;--button_typography-font-weight:700;\" data-form-number=\"821\" tabindex=\"\"><span class=\"fusion-button-text\">Solicitar credenciales<\/span><\/button><\/div><\/div><div id=\"form_recaptcha\" class=\"fusion-form-field fusion-form-recaptcha-field fusion-form-label-above\" style=\"\" data-form-id=\"821\">\t\t\t\t\t\t\t\t\t<div class=\"form-creator-recaptcha\" id=\"form_recaptcha\" >\n\t\t\t\t\t\t\t\t\t\t\t\t\t\t\t\t\t\t\t\t<div\n\t\t\t\t\t\t\t\tid=\"g-recaptcha-1\"\n\t\t\t\t\t\t\t\tclass=\"fusion-form-recaptcha-v3 recaptcha-container \"\n\t\t\t\t\t\t\t\tdata-sitekey=\"6LdSL10rAAAAAIW57Hs_CzzikXxNg402dIhwICXE\"\n\t\t\t\t\t\t\t\tdata-badge=\"inline\">\n\t\t\t\t\t\t\t<\/div>\n\t\t\t\t\t\t\t<input\n\t\t\t\t\t\t\t\ttype=\"hidden\"\n\t\t\t\t\t\t\t\tname=\"fusion-form-recaptcha-response\"\n\t\t\t\t\t\t\t\tclass=\"g-recaptcha-response\"\n\t\t\t\t\t\t\t\tid=\"fusion-form-recaptcha-response-1\"\n\t\t\t\t\t\t\t\tvalue=\"\">\n\t\t\t\t\t\t\t\t\t\t\t<\/div>\n\t\t\t\t\t\t\t\t<\/div><\/div><\/div><div class=\"fusion-layout-column fusion_builder_column fusion-builder-column-3 fusion_builder_column_1_6 1_6 fusion-flex-column\" style=\"--awb-bg-size:cover;--awb-width-large:16.666666666667%;--awb-spacing-right-large:11.52%;--awb-spacing-left-large:11.52%;--awb-width-medium:16.666666666667%;--awb-order-medium:0;--awb-spacing-right-medium:11.52%;--awb-spacing-left-medium:11.52%;--awb-width-small:100%;--awb-order-small:0;--awb-spacing-right-small:1.92%;--awb-spacing-left-small:1.92%;\"><div class=\"fusion-column-wrapper fusion-column-has-shadow fusion-flex-justify-content-flex-start fusion-content-layout-column\"><\/div><\/div><\/div><\/div><input type=\"hidden\" name=\"fusion_privacy_store_ip_ua\" value=\"false\"><input type=\"hidden\" name=\"fusion_privacy_expiration_interval\" value=\"48\"><input type=\"hidden\" name=\"privacy_expiration_action\" value=\"anonymize\"><\/form><\/div><\/div><\/div><\/div><\/div>\n","protected":false},"excerpt":{"rendered":"","protected":false},"author":1,"featured_media":0,"parent":0,"menu_order":0,"comment_status":"closed","ping_status":"closed","template":"","meta":{"_acf_changed":false,"footnotes":""},"class_list":["post-819","page","type-page","status-publish","hentry"],"acf":[],"_links":{"self":[{"href":"https:\/\/registro-cuidame.org\/intranet\/wp-json\/wp\/v2\/pages\/819","targetHints":{"allow":["GET"]}}],"collection":[{"href":"https:\/\/registro-cuidame.org\/intranet\/wp-json\/wp\/v2\/pages"}],"about":[{"href":"https:\/\/registro-cuidame.org\/intranet\/wp-json\/wp\/v2\/types\/page"}],"author":[{"embeddable":true,"href":"https:\/\/registro-cuidame.org\/intranet\/wp-json\/wp\/v2\/users\/1"}],"replies":[{"embeddable":true,"href":"https:\/\/registro-cuidame.org\/intranet\/wp-json\/wp\/v2\/comments?post=819"}],"version-history":[{"count":12,"href":"https:\/\/registro-cuidame.org\/intranet\/wp-json\/wp\/v2\/pages\/819\/revisions"}],"predecessor-version":[{"id":852,"href":"https:\/\/registro-cuidame.org\/intranet\/wp-json\/wp\/v2\/pages\/819\/revisions\/852"}],"wp:attachment":[{"href":"https:\/\/registro-cuidame.org\/intranet\/wp-json\/wp\/v2\/media?parent=819"}],"curies":[{"name":"wp","href":"https:\/\/api.w.org\/{rel}","templated":true}]}}